{"id":201,"date":"2023-02-17T22:58:32","date_gmt":"2023-02-17T22:58:32","guid":{"rendered":"https:\/\/bestcitiesineurope.com\/?page_id=201"},"modified":"2023-06-06T09:30:37","modified_gmt":"2023-06-06T09:30:37","slug":"home","status":"publish","type":"page","link":"https:\/\/bestcitiesineurope.com\/es\/","title":{"rendered":"HOME"},"content":{"rendered":"<div data-elementor-type=\"wp-page\" data-elementor-id=\"201\" class=\"elementor elementor-201\">\n\t\t\t\t\t\t<section class=\"elementor-section elementor-top-section elementor-element elementor-element-f878943 elementor-section-boxed elementor-section-height-default elementor-section-height-default\" data-id=\"f878943\" data-element_type=\"section\" data-e-type=\"section\">\n\t\t\t\t\t\t<div class=\"elementor-container elementor-column-gap-default\">\n\t\t\t\t\t<div class=\"elementor-column elementor-col-100 elementor-top-column elementor-element elementor-element-cf455f9\" data-id=\"cf455f9\" data-element_type=\"column\" data-e-type=\"column\">\n\t\t\t<div class=\"elementor-widget-wrap\">\n\t\t\t\t\t\t\t<\/div>\n\t\t<\/div>\n\t\t\t\t\t<\/div>\n\t\t<\/section>\n\t\t\t\t<section class=\"elementor-section elementor-top-section elementor-element elementor-element-21af10d elementor-section-full_width elementor-section-height-default elementor-section-height-default\" data-id=\"21af10d\" data-element_type=\"section\" data-e-type=\"section\">\n\t\t\t\t\t\t<div class=\"elementor-container elementor-column-gap-no\">\n\t\t\t\t\t<div class=\"elementor-column elementor-col-100 elementor-top-column elementor-element elementor-element-2dd9fee\" data-id=\"2dd9fee\" data-element_type=\"column\" data-e-type=\"column\">\n\t\t\t<div class=\"elementor-widget-wrap elementor-element-populated\">\n\t\t\t\t\t\t<div class=\"elementor-element elementor-element-b855fdb elementor-widget elementor-widget-video\" data-id=\"b855fdb\" data-element_type=\"widget\" data-e-type=\"widget\" data-settings=\"{&quot;video_type&quot;:&quot;hosted&quot;,&quot;autoplay&quot;:&quot;yes&quot;,&quot;play_on_mobile&quot;:&quot;yes&quot;,&quot;loop&quot;:&quot;yes&quot;,&quot;mute&quot;:&quot;yes&quot;,&quot;controls&quot;:&quot;yes&quot;}\" data-widget_type=\"video.default\">\n\t\t\t\t<div class=\"elementor-widget-container\">\n\t\t\t\t\t\t\t<div class=\"e-hosted-video elementor-wrapper elementor-open-inline\">\n\t\t\t\t\t<video class=\"elementor-video\" src=\"https:\/\/bestcitiesineurope.com\/wp-content\/uploads\/2023\/06\/video_cities_ok.mp4\" autoplay=\"\" loop=\"\" controls=\"\" muted=\"muted\" playsinline=\"\" controlslist=\"nodownload\" poster=\"https:\/\/bestcitiesineurope.com\/wp-content\/uploads\/2023\/03\/Captura-de-Pantalla-2023-03-21-a-las-9.43.34.png\"><\/video>\n\t\t\t\t<\/div>\n\t\t\t\t\t\t<\/div>\n\t\t\t\t<\/div>\n\t\t\t\t\t<\/div>\n\t\t<\/div>\n\t\t\t\t\t<\/div>\n\t\t<\/section>\n\t\t\t\t<section class=\"elementor-section elementor-top-section elementor-element elementor-element-10433664 elementor-section-boxed elementor-section-height-default elementor-section-height-default\" data-id=\"10433664\" data-element_type=\"section\" data-e-type=\"section\">\n\t\t\t\t\t\t<div class=\"elementor-container elementor-column-gap-default\">\n\t\t\t\t\t<div class=\"elementor-column elementor-col-100 elementor-top-column elementor-element elementor-element-97e1f80\" data-id=\"97e1f80\" data-element_type=\"column\" data-e-type=\"column\">\n\t\t\t<div class=\"elementor-widget-wrap\">\n\t\t\t\t\t\t\t<\/div>\n\t\t<\/div>\n\t\t\t\t\t<\/div>\n\t\t<\/section>\n\t\t\t\t<section class=\"elementor-section elementor-top-section elementor-element elementor-element-553be0e elementor-section-boxed elementor-section-height-default elementor-section-height-default\" data-id=\"553be0e\" data-element_type=\"section\" data-e-type=\"section\">\n\t\t\t\t\t\t<div class=\"elementor-container elementor-column-gap-default\">\n\t\t\t\t\t<div class=\"elementor-column elementor-col-100 elementor-top-column elementor-element elementor-element-9d1001b\" data-id=\"9d1001b\" data-element_type=\"column\" data-e-type=\"column\">\n\t\t\t<div class=\"elementor-widget-wrap elementor-element-populated\">\n\t\t\t\t\t\t<div class=\"elementor-element elementor-element-9afadbd elementor-widget elementor-widget-spacer\" data-id=\"9afadbd\" data-element_type=\"widget\" data-e-type=\"widget\" data-widget_type=\"spacer.default\">\n\t\t\t\t<div class=\"elementor-widget-container\">\n\t\t\t\t\t\t\t<div class=\"elementor-spacer\">\n\t\t\t<div class=\"elementor-spacer-inner\"><\/div>\n\t\t<\/div>\n\t\t\t\t\t\t<\/div>\n\t\t\t\t<\/div>\n\t\t\t\t<div class=\"elementor-element elementor-element-9bc7f79 elementor-widget elementor-widget-vc_custom_heading\" data-id=\"9bc7f79\" data-element_type=\"widget\" data-e-type=\"widget\" data-widget_type=\"vc_custom_heading.default\">\n\t\t\t\t<div class=\"elementor-widget-container\">\n\t\t\t\t\t<div class=\"vc_custom_heading  consulting_heading_font  text_align_left has_subtitle stripe_top_bottom\" ><h4 style=\"text-align: left;font-weight:600\" class=\"consulting-custom-title\">Best Cities In EUROPE FOR LIVING... \n<span class=\"subtitle\">es el proyecto de un equipo de investigaci\u00f3n formado por diez estudiantes de la Universit\u00e1 Degli Studi di Milano Bicocca. Somos un equipo internacional y multidisciplinar interesado en la sociolog\u00eda, el turismo y la econom\u00eda. \n\nNuestra vocaci\u00f3n por conocer el mundo que nos rodea y entenderlo a trav\u00e9s del an\u00e1lisis es el motivo que nos empuja a crear Best Cities In\u2026.<\/span><\/h4><\/div>\t\t\t\t<\/div>\n\t\t\t\t<\/div>\n\t\t\t\t<div class=\"elementor-element elementor-element-ed27d14 elementor-arrows-position-inside elementor-widget elementor-widget-image-carousel\" data-id=\"ed27d14\" data-element_type=\"widget\" data-e-type=\"widget\" data-settings=\"{&quot;slides_to_show&quot;:&quot;4&quot;,&quot;navigation&quot;:&quot;arrows&quot;,&quot;image_spacing_custom&quot;:{&quot;unit&quot;:&quot;px&quot;,&quot;size&quot;:10,&quot;sizes&quot;:[]},&quot;autoplay&quot;:&quot;yes&quot;,&quot;pause_on_hover&quot;:&quot;yes&quot;,&quot;pause_on_interaction&quot;:&quot;yes&quot;,&quot;autoplay_speed&quot;:5000,&quot;infinite&quot;:&quot;yes&quot;,&quot;speed&quot;:500,&quot;image_spacing_custom_tablet&quot;:{&quot;unit&quot;:&quot;px&quot;,&quot;size&quot;:&quot;&quot;,&quot;sizes&quot;:[]},&quot;image_spacing_custom_mobile&quot;:{&quot;unit&quot;:&quot;px&quot;,&quot;size&quot;:&quot;&quot;,&quot;sizes&quot;:[]}}\" data-widget_type=\"image-carousel.default\">\n\t\t\t\t<div class=\"elementor-widget-container\">\n\t\t\t\t\t\t\t<div class=\"elementor-image-carousel-wrapper swiper\" role=\"region\" aria-roledescription=\"carousel\" aria-label=\"Carrousel d\u2019images\" dir=\"ltr\">\n\t\t\t<div class=\"elementor-image-carousel swiper-wrapper\" aria-live=\"off\">\n\t\t\t\t\t\t\t\t<div class=\"swiper-slide\" role=\"group\" aria-roledescription=\"slide\" aria-label=\"1 sur 10\" data-no-translation-aria-label=\"\"><figure class=\"swiper-slide-inner\"><img decoding=\"async\" class=\"swiper-slide-image\" src=\"https:\/\/bestcitiesineurope.com\/wp-content\/uploads\/2023\/03\/1CPH_ES.jpg\" alt=\"1cph\" \/><\/figure><\/div><div class=\"swiper-slide\" role=\"group\" aria-roledescription=\"slide\" aria-label=\"2 sur 10\" data-no-translation-aria-label=\"\"><figure class=\"swiper-slide-inner\"><img decoding=\"async\" class=\"swiper-slide-image\" src=\"https:\/\/bestcitiesineurope.com\/wp-content\/uploads\/2023\/03\/mad2.jpg\" alt=\"2mad\" \/><\/figure><\/div><div class=\"swiper-slide\" role=\"group\" aria-roledescription=\"slide\" aria-label=\"3 sur 10\" data-no-translation-aria-label=\"\"><figure class=\"swiper-slide-inner\"><img decoding=\"async\" class=\"swiper-slide-image\" src=\"https:\/\/bestcitiesineurope.com\/wp-content\/uploads\/2023\/03\/3lisboa.jpg\" alt=\"3lisboa\" \/><\/figure><\/div><div class=\"swiper-slide\" role=\"group\" aria-roledescription=\"slide\" aria-label=\"4 sur 10\" data-no-translation-aria-label=\"\"><figure class=\"swiper-slide-inner\"><img decoding=\"async\" class=\"swiper-slide-image\" src=\"https:\/\/bestcitiesineurope.com\/wp-content\/uploads\/2023\/03\/4ams.jpg\" alt=\"4ams\" \/><\/figure><\/div><div class=\"swiper-slide\" role=\"group\" aria-roledescription=\"slide\" aria-label=\"5 sur 10\" data-no-translation-aria-label=\"\"><figure class=\"swiper-slide-inner\"><img decoding=\"async\" class=\"swiper-slide-image\" src=\"https:\/\/bestcitiesineurope.com\/wp-content\/uploads\/2023\/03\/ber5.jpg\" alt=\"5ber\" \/><\/figure><\/div><div class=\"swiper-slide\" role=\"group\" aria-roledescription=\"slide\" aria-label=\"6 sur 10\" data-no-translation-aria-label=\"\"><figure class=\"swiper-slide-inner\"><img decoding=\"async\" class=\"swiper-slide-image\" src=\"https:\/\/bestcitiesineurope.com\/wp-content\/uploads\/2023\/03\/6bcn.jpg\" alt=\"6bcn\" \/><\/figure><\/div><div class=\"swiper-slide\" role=\"group\" aria-roledescription=\"slide\" aria-label=\"7 sur 10\" data-no-translation-aria-label=\"\"><figure class=\"swiper-slide-inner\"><img decoding=\"async\" class=\"swiper-slide-image\" src=\"https:\/\/bestcitiesineurope.com\/wp-content\/uploads\/2023\/03\/7MUNI.jpg\" alt=\"7munich\" \/><\/figure><\/div><div class=\"swiper-slide\" role=\"group\" aria-roledescription=\"slide\" aria-label=\"8 sur 10\" data-no-translation-aria-label=\"\"><figure class=\"swiper-slide-inner\"><img decoding=\"async\" class=\"swiper-slide-image\" src=\"https:\/\/bestcitiesineurope.com\/wp-content\/uploads\/2023\/03\/8ROMA.jpg\" alt=\"8romabien\" \/><\/figure><\/div><div class=\"swiper-slide\" role=\"group\" aria-roledescription=\"slide\" aria-label=\"9 sur 10\" data-no-translation-aria-label=\"\"><figure class=\"swiper-slide-inner\"><img decoding=\"async\" class=\"swiper-slide-image\" src=\"https:\/\/bestcitiesineurope.com\/wp-content\/uploads\/2023\/03\/9PAR.jpg\" alt=\"9parbien\" \/><\/figure><\/div><div class=\"swiper-slide\" role=\"group\" aria-roledescription=\"slide\" aria-label=\"10 sur 10\" data-no-translation-aria-label=\"\"><figure class=\"swiper-slide-inner\"><img decoding=\"async\" class=\"swiper-slide-image\" src=\"https:\/\/bestcitiesineurope.com\/wp-content\/uploads\/2023\/03\/ZURICH10.jpg\" alt=\"10zurichbien\" \/><\/figure><\/div>\t\t\t<\/div>\n\t\t\t\t\t\t\t\t\t\t\t\t<div class=\"elementor-swiper-button elementor-swiper-button-prev\" role=\"button\" tabindex=\"0\">\n\t\t\t\t\t\t<i aria-hidden=\"true\" class=\"eicon-chevron-left\"><\/i>\t\t\t\t\t<\/div>\n\t\t\t\t\t<div class=\"elementor-swiper-button elementor-swiper-button-next\" role=\"button\" tabindex=\"0\">\n\t\t\t\t\t\t<i aria-hidden=\"true\" class=\"eicon-chevron-right\"><\/i>\t\t\t\t\t<\/div>\n\t\t\t\t\n\t\t\t\t\t\t\t\t\t<\/div>\n\t\t\t\t\t\t<\/div>\n\t\t\t\t<\/div>\n\t\t\t\t<div class=\"elementor-element elementor-element-34fde9f elementor-widget elementor-widget-spacer\" data-id=\"34fde9f\" data-element_type=\"widget\" data-e-type=\"widget\" data-widget_type=\"spacer.default\">\n\t\t\t\t<div class=\"elementor-widget-container\">\n\t\t\t\t\t\t\t<div class=\"elementor-spacer\">\n\t\t\t<div class=\"elementor-spacer-inner\"><\/div>\n\t\t<\/div>\n\t\t\t\t\t\t<\/div>\n\t\t\t\t<\/div>\n\t\t\t\t<div class=\"elementor-element elementor-element-9c42874 elementor-widget elementor-widget-heading\" data-id=\"9c42874\" data-element_type=\"widget\" data-e-type=\"widget\" data-widget_type=\"heading.default\">\n\t\t\t\t<div class=\"elementor-widget-container\">\n\t\t\t\t\t<h2 class=\"elementor-heading-title elementor-size-medium\">Suscr\u00edbete a nuestra newsletter<\/h2>\t\t\t\t<\/div>\n\t\t\t\t<\/div>\n\t\t\t\t<div class=\"elementor-element elementor-element-7e03cd1 elementor-widget elementor-widget-text-editor\" data-id=\"7e03cd1\" data-element_type=\"widget\" data-e-type=\"widget\" data-widget_type=\"text-editor.default\">\n\t\t\t\t<div class=\"elementor-widget-container\">\n\t\t\t\t\t\t\t\t\t<p>\u00a1Siempre en busca de la mejor calidad de vida en EUROPA!<\/p>\n\t\t\t\t\t\t\t\t<\/div>\n\t\t\t\t<\/div>\n\t\t\t\t\t<\/div>\n\t\t<\/div>\n\t\t\t\t\t<\/div>\n\t\t<\/section>\n\t\t\t\t<section class=\"elementor-section elementor-top-section elementor-element elementor-element-fda6db1 elementor-section-boxed elementor-section-height-default elementor-section-height-default\" data-id=\"fda6db1\" data-element_type=\"section\" data-e-type=\"section\">\n\t\t\t\t\t\t<div class=\"elementor-container elementor-column-gap-default\">\n\t\t\t\t\t<div class=\"elementor-column elementor-col-100 elementor-top-column elementor-element elementor-element-2709850\" data-id=\"2709850\" data-element_type=\"column\" data-e-type=\"column\">\n\t\t\t<div class=\"elementor-widget-wrap elementor-element-populated\">\n\t\t\t\t\t\t<div class=\"elementor-element elementor-element-af3afb9 elementor-widget__width-inherit elementor-widget elementor-widget-stm_contact_form_7\" data-id=\"af3afb9\" data-element_type=\"widget\" data-e-type=\"widget\" id=\"suscripcionnews\" data-widget_type=\"stm_contact_form_7.default\">\n\t\t\t\t<div class=\"elementor-widget-container\">\n\t\t\t\t\t\n<div class=\"wpcf7 no-js\" id=\"wpcf7-f2350-o1\" lang=\"es-ES\" dir=\"ltr\" data-wpcf7-id=\"2350\">\n<div class=\"screen-reader-response\"><p role=\"status\" aria-live=\"polite\" aria-atomic=\"true\"><\/p> <ul><\/ul><\/div>\n<form action=\"\/es\/wp-json\/wp\/v2\/pages\/201#wpcf7-f2350-o1\" method=\"post\" class=\"wpcf7-form init\" aria-label=\"Formulario de contacto\" novalidate=\"novalidate\" data-status=\"init\" data-trp-original-action=\"\/es\/wp-json\/wp\/v2\/pages\/201#wpcf7-f2350-o1\">\n<fieldset class=\"hidden-fields-container\"><input type=\"hidden\" name=\"_wpcf7\" value=\"2350\" \/><input type=\"hidden\" name=\"_wpcf7_version\" value=\"6.1.5\" \/><input type=\"hidden\" name=\"_wpcf7_locale\" value=\"es_ES\" \/><input type=\"hidden\" name=\"_wpcf7_unit_tag\" value=\"wpcf7-f2350-o1\" \/><input type=\"hidden\" name=\"_wpcf7_container_post\" value=\"0\" \/><input type=\"hidden\" name=\"_wpcf7_posted_data_hash\" value=\"\" \/><input type=\"hidden\" name=\"_wpcf7_recaptcha_response\" value=\"\" \/>\n<\/fieldset>\n<label> EMAIL\n    <span class=\"wpcf7-form-control-wrap\" data-name=\"your-email\"><input size=\"40\" maxlength=\"400\" class=\"wpcf7-form-control wpcf7-email wpcf7-validates-as-required wpcf7-text wpcf7-validates-as-email\" autocomplete=\"email\" aria-required=\"true\" aria-invalid=\"false\" value=\"\" type=\"email\" name=\"your-email\" \/><\/span> <\/label>\n\n<input class=\"wpcf7-form-control wpcf7-submit has-spinner\" type=\"submit\" value=\"SUSCRIBIRSE\" \/><div class=\"wpcf7-response-output\" aria-hidden=\"true\"><\/div>\n<input type=\"hidden\" name=\"trp-form-language\" value=\"es\"\/><\/form>\n<\/div>\n\t\t\t\t\t\t<\/div>\n\t\t\t\t<\/div>\n\t\t\t\t\t<\/div>\n\t\t<\/div>\n\t\t\t\t\t<\/div>\n\t\t<\/section>\n\t\t\t\t<section class=\"elementor-section elementor-top-section elementor-element elementor-element-434c90f elementor-section-boxed elementor-section-height-default elementor-section-height-default\" data-id=\"434c90f\" data-element_type=\"section\" data-e-type=\"section\">\n\t\t\t\t\t\t<div class=\"elementor-container elementor-column-gap-default\">\n\t\t\t\t\t<div class=\"elementor-column elementor-col-100 elementor-top-column elementor-element elementor-element-371955d\" data-id=\"371955d\" data-element_type=\"column\" data-e-type=\"column\">\n\t\t\t<div class=\"elementor-widget-wrap\">\n\t\t\t\t\t\t\t<\/div>\n\t\t<\/div>\n\t\t\t\t\t<\/div>\n\t\t<\/section>\n\t\t\t\t<section class=\"elementor-section elementor-top-section elementor-element elementor-element-37ec974 elementor-section-boxed elementor-section-height-default elementor-section-height-default\" data-id=\"37ec974\" data-element_type=\"section\" data-e-type=\"section\">\n\t\t\t\t\t\t<div class=\"elementor-container elementor-column-gap-default\">\n\t\t\t\t\t<div class=\"elementor-column elementor-col-100 elementor-top-column elementor-element elementor-element-0942367\" data-id=\"0942367\" data-element_type=\"column\" data-e-type=\"column\">\n\t\t\t<div class=\"elementor-widget-wrap\">\n\t\t\t\t\t\t\t<\/div>\n\t\t<\/div>\n\t\t\t\t\t<\/div>\n\t\t<\/section>\n\t\t\t\t<section class=\"elementor-section elementor-top-section elementor-element elementor-element-e02b244 elementor-section-boxed elementor-section-height-default elementor-section-height-default\" data-id=\"e02b244\" data-element_type=\"section\" data-e-type=\"section\">\n\t\t\t\t\t\t<div class=\"elementor-container elementor-column-gap-default\">\n\t\t\t\t\t<div class=\"elementor-column elementor-col-100 elementor-top-column elementor-element elementor-element-2cf2412\" data-id=\"2cf2412\" data-element_type=\"column\" data-e-type=\"column\">\n\t\t\t<div class=\"elementor-widget-wrap\">\n\t\t\t\t\t\t\t<\/div>\n\t\t<\/div>\n\t\t\t\t\t<\/div>\n\t\t<\/section>\n\t\t\t\t<\/div>","protected":false},"excerpt":{"rendered":"<p>https:\/\/bestcitiesineurope.com\/wp-content\/uploads\/2023\/06\/video_cities_ok.mp4 Best Cities In EUROPE FOR LIVING&#8230; is the project of a research team of ten students from the Universit\u00e1 Degli Studi di Milano Bicocca. We are an international and multidisciplinary team interested in sociology, tourism and economics. Our vocation to know the world around us and to understand it through analysis is the reason<\/p>","protected":false},"author":1,"featured_media":0,"parent":0,"menu_order":0,"comment_status":"closed","ping_status":"closed","template":"","meta":{"_sitemap_exclude":false,"_sitemap_priority":"","_sitemap_frequency":"","footnotes":""},"class_list":["post-201","page","type-page","status-publish","hentry"],"yoast_head":"<!-- This site is optimized with the Yoast SEO plugin v26.8 - https:\/\/yoast.com\/product\/yoast-seo-wordpress\/ -->\n<title>HOME - The best cities in Europe<\/title>\n<meta name=\"robots\" content=\"index, follow, max-snippet:-1, max-image-preview:large, max-video-preview:-1\" \/>\n<link rel=\"canonical\" href=\"https:\/\/bestcitiesineurope.com\/es\/\" \/>\n<meta property=\"og:locale\" content=\"es_ES\" \/>\n<meta property=\"og:type\" content=\"article\" \/>\n<meta property=\"og:title\" content=\"HOME - The best cities in Europe\" \/>\n<meta property=\"og:description\" content=\"https:\/\/bestcitiesineurope.com\/wp-content\/uploads\/2023\/06\/video_cities_ok.mp4 Best Cities In EUROPE FOR LIVING&#8230; is the project of a research team of ten students from the Universit\u00e1 Degli Studi di Milano Bicocca. We are an international and multidisciplinary team interested in sociology, tourism and economics. Our vocation to know the world around us and to understand it through analysis is the reason\" \/>\n<meta property=\"og:url\" content=\"https:\/\/bestcitiesineurope.com\/es\/\" \/>\n<meta property=\"og:site_name\" content=\"The best cities in Europe\" \/>\n<meta property=\"article:modified_time\" content=\"2023-06-06T09:30:37+00:00\" \/>\n<meta property=\"og:image\" content=\"https:\/\/bestcitiesineurope.com\/wp-content\/uploads\/2023\/02\/1cph.jpg\" \/>\n<meta name=\"twitter:card\" content=\"summary_large_image\" \/>\n<script type=\"application\/ld+json\" class=\"yoast-schema-graph\">{\"@context\":\"https:\/\/schema.org\",\"@graph\":[{\"@type\":\"WebPage\",\"@id\":\"https:\/\/bestcitiesineurope.com\/\",\"url\":\"https:\/\/bestcitiesineurope.com\/\",\"name\":\"HOME - The best cities in Europe\",\"isPartOf\":{\"@id\":\"https:\/\/bestcitiesineurope.com\/#website\"},\"primaryImageOfPage\":{\"@id\":\"https:\/\/bestcitiesineurope.com\/#primaryimage\"},\"image\":{\"@id\":\"https:\/\/bestcitiesineurope.com\/#primaryimage\"},\"thumbnailUrl\":\"https:\/\/bestcitiesineurope.com\/wp-content\/uploads\/2023\/02\/1cph.jpg\",\"datePublished\":\"2023-02-17T22:58:32+00:00\",\"dateModified\":\"2023-06-06T09:30:37+00:00\",\"breadcrumb\":{\"@id\":\"https:\/\/bestcitiesineurope.com\/#breadcrumb\"},\"inLanguage\":\"es\",\"potentialAction\":[{\"@type\":\"ReadAction\",\"target\":[\"https:\/\/bestcitiesineurope.com\/\"]}]},{\"@type\":\"ImageObject\",\"inLanguage\":\"es\",\"@id\":\"https:\/\/bestcitiesineurope.com\/#primaryimage\",\"url\":\"https:\/\/bestcitiesineurope.com\/wp-content\/uploads\/2023\/02\/1cph.jpg\",\"contentUrl\":\"https:\/\/bestcitiesineurope.com\/wp-content\/uploads\/2023\/02\/1cph.jpg\"},{\"@type\":\"BreadcrumbList\",\"@id\":\"https:\/\/bestcitiesineurope.com\/#breadcrumb\",\"itemListElement\":[{\"@type\":\"ListItem\",\"position\":1,\"name\":\"Portada\",\"item\":\"https:\/\/bestcitiesineurope.com\/\"},{\"@type\":\"ListItem\",\"position\":2,\"name\":\"HOME\"}]},{\"@type\":\"WebSite\",\"@id\":\"https:\/\/bestcitiesineurope.com\/#website\",\"url\":\"https:\/\/bestcitiesineurope.com\/\",\"name\":\"The best cities in Europe\",\"description\":\"The best cities in Europe for live\",\"publisher\":{\"@id\":\"https:\/\/bestcitiesineurope.com\/#organization\"},\"potentialAction\":[{\"@type\":\"SearchAction\",\"target\":{\"@type\":\"EntryPoint\",\"urlTemplate\":\"https:\/\/bestcitiesineurope.com\/?s={search_term_string}\"},\"query-input\":{\"@type\":\"PropertyValueSpecification\",\"valueRequired\":true,\"valueName\":\"search_term_string\"}}],\"inLanguage\":\"es\"},{\"@type\":\"Organization\",\"@id\":\"https:\/\/bestcitiesineurope.com\/#organization\",\"name\":\"The best cities in Europe\",\"url\":\"https:\/\/bestcitiesineurope.com\/\",\"logo\":{\"@type\":\"ImageObject\",\"inLanguage\":\"es\",\"@id\":\"https:\/\/bestcitiesineurope.com\/#\/schema\/logo\/image\/\",\"url\":\"https:\/\/bestcitiesineurope.com\/wp-content\/uploads\/2023\/02\/Mesa-de-trabajo-7.png\",\"contentUrl\":\"https:\/\/bestcitiesineurope.com\/wp-content\/uploads\/2023\/02\/Mesa-de-trabajo-7.png\",\"width\":780,\"height\":270,\"caption\":\"The best cities in Europe\"},\"image\":{\"@id\":\"https:\/\/bestcitiesineurope.com\/#\/schema\/logo\/image\/\"}}]}<\/script>\n<!-- \/ Yoast SEO plugin. -->","yoast_head_json":{"title":"HOME - The best cities in Europe","robots":{"index":"index","follow":"follow","max-snippet":"max-snippet:-1","max-image-preview":"max-image-preview:large","max-video-preview":"max-video-preview:-1"},"canonical":"https:\/\/bestcitiesineurope.com\/es\/","og_locale":"es_ES","og_type":"article","og_title":"HOME - The best cities in Europe","og_description":"https:\/\/bestcitiesineurope.com\/wp-content\/uploads\/2023\/06\/video_cities_ok.mp4 Best Cities In EUROPE FOR LIVING&#8230; is the project of a research team of ten students from the Universit\u00e1 Degli Studi di Milano Bicocca. We are an international and multidisciplinary team interested in sociology, tourism and economics. Our vocation to know the world around us and to understand it through analysis is the reason","og_url":"https:\/\/bestcitiesineurope.com\/es\/","og_site_name":"The best cities in Europe","article_modified_time":"2023-06-06T09:30:37+00:00","og_image":[{"url":"https:\/\/bestcitiesineurope.com\/wp-content\/uploads\/2023\/02\/1cph.jpg","type":"","width":"","height":""}],"twitter_card":"summary_large_image","schema":{"@context":"https:\/\/schema.org","@graph":[{"@type":"WebPage","@id":"https:\/\/bestcitiesineurope.com\/","url":"https:\/\/bestcitiesineurope.com\/","name":"HOME - The best cities in Europe","isPartOf":{"@id":"https:\/\/bestcitiesineurope.com\/#website"},"primaryImageOfPage":{"@id":"https:\/\/bestcitiesineurope.com\/#primaryimage"},"image":{"@id":"https:\/\/bestcitiesineurope.com\/#primaryimage"},"thumbnailUrl":"https:\/\/bestcitiesineurope.com\/wp-content\/uploads\/2023\/02\/1cph.jpg","datePublished":"2023-02-17T22:58:32+00:00","dateModified":"2023-06-06T09:30:37+00:00","breadcrumb":{"@id":"https:\/\/bestcitiesineurope.com\/#breadcrumb"},"inLanguage":"es","potentialAction":[{"@type":"ReadAction","target":["https:\/\/bestcitiesineurope.com\/"]}]},{"@type":"ImageObject","inLanguage":"es","@id":"https:\/\/bestcitiesineurope.com\/#primaryimage","url":"https:\/\/bestcitiesineurope.com\/wp-content\/uploads\/2023\/02\/1cph.jpg","contentUrl":"https:\/\/bestcitiesineurope.com\/wp-content\/uploads\/2023\/02\/1cph.jpg"},{"@type":"BreadcrumbList","@id":"https:\/\/bestcitiesineurope.com\/#breadcrumb","itemListElement":[{"@type":"ListItem","position":1,"name":"Portada","item":"https:\/\/bestcitiesineurope.com\/"},{"@type":"ListItem","position":2,"name":"HOME"}]},{"@type":"WebSite","@id":"https:\/\/bestcitiesineurope.com\/#website","url":"https:\/\/bestcitiesineurope.com\/","name":"The best cities in Europe","description":"The best cities in Europe for live","publisher":{"@id":"https:\/\/bestcitiesineurope.com\/#organization"},"potentialAction":[{"@type":"SearchAction","target":{"@type":"EntryPoint","urlTemplate":"https:\/\/bestcitiesineurope.com\/?s={search_term_string}"},"query-input":{"@type":"PropertyValueSpecification","valueRequired":true,"valueName":"search_term_string"}}],"inLanguage":"es"},{"@type":"Organization","@id":"https:\/\/bestcitiesineurope.com\/#organization","name":"The best cities in Europe","url":"https:\/\/bestcitiesineurope.com\/","logo":{"@type":"ImageObject","inLanguage":"es","@id":"https:\/\/bestcitiesineurope.com\/#\/schema\/logo\/image\/","url":"https:\/\/bestcitiesineurope.com\/wp-content\/uploads\/2023\/02\/Mesa-de-trabajo-7.png","contentUrl":"https:\/\/bestcitiesineurope.com\/wp-content\/uploads\/2023\/02\/Mesa-de-trabajo-7.png","width":780,"height":270,"caption":"The best cities in Europe"},"image":{"@id":"https:\/\/bestcitiesineurope.com\/#\/schema\/logo\/image\/"}}]}},"_links":{"self":[{"href":"https:\/\/bestcitiesineurope.com\/es\/wp-json\/wp\/v2\/pages\/201","targetHints":{"allow":["GET"]}}],"collection":[{"href":"https:\/\/bestcitiesineurope.com\/es\/wp-json\/wp\/v2\/pages"}],"about":[{"href":"https:\/\/bestcitiesineurope.com\/es\/wp-json\/wp\/v2\/types\/page"}],"author":[{"embeddable":true,"href":"https:\/\/bestcitiesineurope.com\/es\/wp-json\/wp\/v2\/users\/1"}],"replies":[{"embeddable":true,"href":"https:\/\/bestcitiesineurope.com\/es\/wp-json\/wp\/v2\/comments?post=201"}],"version-history":[{"count":129,"href":"https:\/\/bestcitiesineurope.com\/es\/wp-json\/wp\/v2\/pages\/201\/revisions"}],"predecessor-version":[{"id":3019,"href":"https:\/\/bestcitiesineurope.com\/es\/wp-json\/wp\/v2\/pages\/201\/revisions\/3019"}],"wp:attachment":[{"href":"https:\/\/bestcitiesineurope.com\/es\/wp-json\/wp\/v2\/media?parent=201"}],"curies":[{"name":"wp","href":"https:\/\/api.w.org\/{rel}","templated":true}]}}